{"id":28829,"date":"2025-06-24T13:36:02","date_gmt":"2025-06-24T10:36:02","guid":{"rendered":"https:\/\/oversized.atlanticprojectcargo.com\/front-page-es\/"},"modified":"2025-06-26T18:38:27","modified_gmt":"2025-06-26T15:38:27","slug":"front-page-es","status":"publish","type":"page","link":"https:\/\/oversized.atlanticprojectcargo.com\/es\/","title":{"rendered":"Front Page ( ES )"},"content":{"rendered":"","protected":false},"excerpt":{"rendered":"","protected":false},"author":1,"featured_media":0,"parent":0,"menu_order":0,"comment_status":"closed","ping_status":"closed","template":"templates\/front-page.php","meta":{"_acf_changed":false,"footnotes":""},"class_list":["post-28829","page","type-page","status-publish","hentry"],"acf":[],"yoast_head":"<!-- This site is optimized with the Yoast SEO plugin v25.3.1 - https:\/\/yoast.com\/wordpress\/plugins\/seo\/ -->\n<title>Env\u00edo de carga sobredimensionada desde EE. UU. | Log\u00edstica de transporte de mercanc\u00edas pesadas r\u00e1pida y segura<\/title>\n<meta name=\"description\" content=\"Consigue un env\u00edo fiable para tu carga de gran tama\u00f1o (tractores, equipos, maquinaria industrial) desde EE. UU. a m\u00e1s de 100 destinos. Solicite un presupuesto hoy mismo.\" \/>\n<meta name=\"robots\" content=\"noindex, follow, max-snippet:-1, max-image-preview:large, max-video-preview:-1\" \/>\n<meta property=\"og:locale\" content=\"es_ES\" \/>\n<meta property=\"og:type\" content=\"article\" \/>\n<meta property=\"og:title\" content=\"Env\u00edo de carga sobredimensionada desde EE. UU. | Log\u00edstica de transporte de mercanc\u00edas pesadas r\u00e1pida y segura\" \/>\n<meta property=\"og:description\" content=\"Consigue un env\u00edo fiable para tu carga de gran tama\u00f1o (tractores, equipos, maquinaria industrial) desde EE. UU. a m\u00e1s de 100 destinos. Solicite un presupuesto hoy mismo.\" \/>\n<meta property=\"og:url\" content=\"https:\/\/oversized.atlanticprojectcargo.com\/es\/front-page-es\/\" \/>\n<meta property=\"og:site_name\" content=\"Oversized APC\" \/>\n<meta property=\"article:modified_time\" content=\"2025-06-26T15:38:27+00:00\" \/>\n<meta property=\"og:image\" content=\"https:\/\/oversized.atlanticprojectcargo.com\/wp-content\/uploads\/2025\/06\/APC-144x144-px.png\" \/>\n\t<meta property=\"og:image:width\" content=\"144\" \/>\n\t<meta property=\"og:image:height\" content=\"144\" \/>\n\t<meta property=\"og:image:type\" content=\"image\/png\" \/>\n<meta name=\"twitter:card\" content=\"summary_large_image\" \/>\n<script type=\"application\/ld+json\" class=\"yoast-schema-graph\">{\"@context\":\"https:\/\/schema.org\",\"@graph\":[{\"@type\":\"WebPage\",\"@id\":\"https:\/\/oversized.atlanticprojectcargo.com\/es\/front-page-es\/\",\"url\":\"https:\/\/oversized.atlanticprojectcargo.com\/es\/front-page-es\/\",\"name\":\"Env\u00edo de carga sobredimensionada desde EE. UU. | Log\u00edstica de transporte de mercanc\u00edas pesadas r\u00e1pida y segura\",\"isPartOf\":{\"@id\":\"https:\/\/oversized.atlanticprojectcargo.com\/#website\"},\"datePublished\":\"2025-06-24T10:36:02+00:00\",\"dateModified\":\"2025-06-26T15:38:27+00:00\",\"description\":\"Consigue un env\u00edo fiable para tu carga de gran tama\u00f1o (tractores, equipos, maquinaria industrial) desde EE. UU. a m\u00e1s de 100 destinos. Solicite un presupuesto hoy mismo.\",\"breadcrumb\":{\"@id\":\"https:\/\/oversized.atlanticprojectcargo.com\/es\/front-page-es\/#breadcrumb\"},\"inLanguage\":\"es\",\"potentialAction\":[{\"@type\":\"ReadAction\",\"target\":[\"https:\/\/oversized.atlanticprojectcargo.com\/es\/front-page-es\/\"]}]},{\"@type\":\"BreadcrumbList\",\"@id\":\"https:\/\/oversized.atlanticprojectcargo.com\/es\/front-page-es\/#breadcrumb\",\"itemListElement\":[{\"@type\":\"ListItem\",\"position\":1,\"name\":\"Home\",\"item\":\"https:\/\/oversized.atlanticprojectcargo.com\/es\/front-page-es\/\"},{\"@type\":\"ListItem\",\"position\":2,\"name\":\"Front Page ( ES )\"}]},{\"@type\":\"WebSite\",\"@id\":\"https:\/\/oversized.atlanticprojectcargo.com\/#website\",\"url\":\"https:\/\/oversized.atlanticprojectcargo.com\/\",\"name\":\"Oversized APC\",\"description\":\"\",\"potentialAction\":[{\"@type\":\"SearchAction\",\"target\":{\"@type\":\"EntryPoint\",\"urlTemplate\":\"https:\/\/oversized.atlanticprojectcargo.com\/?s={search_term_string}\"},\"query-input\":{\"@type\":\"PropertyValueSpecification\",\"valueRequired\":true,\"valueName\":\"search_term_string\"}}],\"inLanguage\":\"es\"}]}<\/script>\n<!-- \/ Yoast SEO plugin. -->","yoast_head_json":{"title":"Env\u00edo de carga sobredimensionada desde EE. UU. | Log\u00edstica de transporte de mercanc\u00edas pesadas r\u00e1pida y segura","description":"Consigue un env\u00edo fiable para tu carga de gran tama\u00f1o (tractores, equipos, maquinaria industrial) desde EE. UU. a m\u00e1s de 100 destinos. Solicite un presupuesto hoy mismo.","robots":{"index":"noindex","follow":"follow","max-snippet":"max-snippet:-1","max-image-preview":"max-image-preview:large","max-video-preview":"max-video-preview:-1"},"og_locale":"es_ES","og_type":"article","og_title":"Env\u00edo de carga sobredimensionada desde EE. UU. | Log\u00edstica de transporte de mercanc\u00edas pesadas r\u00e1pida y segura","og_description":"Consigue un env\u00edo fiable para tu carga de gran tama\u00f1o (tractores, equipos, maquinaria industrial) desde EE. UU. a m\u00e1s de 100 destinos. Solicite un presupuesto hoy mismo.","og_url":"https:\/\/oversized.atlanticprojectcargo.com\/es\/front-page-es\/","og_site_name":"Oversized APC","article_modified_time":"2025-06-26T15:38:27+00:00","og_image":[{"width":144,"height":144,"url":"https:\/\/oversized.atlanticprojectcargo.com\/wp-content\/uploads\/2025\/06\/APC-144x144-px.png","type":"image\/png"}],"twitter_card":"summary_large_image","schema":{"@context":"https:\/\/schema.org","@graph":[{"@type":"WebPage","@id":"https:\/\/oversized.atlanticprojectcargo.com\/es\/front-page-es\/","url":"https:\/\/oversized.atlanticprojectcargo.com\/es\/front-page-es\/","name":"Env\u00edo de carga sobredimensionada desde EE. UU. | Log\u00edstica de transporte de mercanc\u00edas pesadas r\u00e1pida y segura","isPartOf":{"@id":"https:\/\/oversized.atlanticprojectcargo.com\/#website"},"datePublished":"2025-06-24T10:36:02+00:00","dateModified":"2025-06-26T15:38:27+00:00","description":"Consigue un env\u00edo fiable para tu carga de gran tama\u00f1o (tractores, equipos, maquinaria industrial) desde EE. UU. a m\u00e1s de 100 destinos. Solicite un presupuesto hoy mismo.","breadcrumb":{"@id":"https:\/\/oversized.atlanticprojectcargo.com\/es\/front-page-es\/#breadcrumb"},"inLanguage":"es","potentialAction":[{"@type":"ReadAction","target":["https:\/\/oversized.atlanticprojectcargo.com\/es\/front-page-es\/"]}]},{"@type":"BreadcrumbList","@id":"https:\/\/oversized.atlanticprojectcargo.com\/es\/front-page-es\/#breadcrumb","itemListElement":[{"@type":"ListItem","position":1,"name":"Home","item":"https:\/\/oversized.atlanticprojectcargo.com\/es\/front-page-es\/"},{"@type":"ListItem","position":2,"name":"Front Page ( ES )"}]},{"@type":"WebSite","@id":"https:\/\/oversized.atlanticprojectcargo.com\/#website","url":"https:\/\/oversized.atlanticprojectcargo.com\/","name":"Oversized APC","description":"","potentialAction":[{"@type":"SearchAction","target":{"@type":"EntryPoint","urlTemplate":"https:\/\/oversized.atlanticprojectcargo.com\/?s={search_term_string}"},"query-input":{"@type":"PropertyValueSpecification","valueRequired":true,"valueName":"search_term_string"}}],"inLanguage":"es"}]}},"_links":{"self":[{"href":"https:\/\/oversized.atlanticprojectcargo.com\/es\/wp-json\/wp\/v2\/pages\/28829","targetHints":{"allow":["GET"]}}],"collection":[{"href":"https:\/\/oversized.atlanticprojectcargo.com\/es\/wp-json\/wp\/v2\/pages"}],"about":[{"href":"https:\/\/oversized.atlanticprojectcargo.com\/es\/wp-json\/wp\/v2\/types\/page"}],"author":[{"embeddable":true,"href":"https:\/\/oversized.atlanticprojectcargo.com\/es\/wp-json\/wp\/v2\/users\/1"}],"replies":[{"embeddable":true,"href":"https:\/\/oversized.atlanticprojectcargo.com\/es\/wp-json\/wp\/v2\/comments?post=28829"}],"version-history":[{"count":1,"href":"https:\/\/oversized.atlanticprojectcargo.com\/es\/wp-json\/wp\/v2\/pages\/28829\/revisions"}],"predecessor-version":[{"id":28881,"href":"https:\/\/oversized.atlanticprojectcargo.com\/es\/wp-json\/wp\/v2\/pages\/28829\/revisions\/28881"}],"wp:attachment":[{"href":"https:\/\/oversized.atlanticprojectcargo.com\/es\/wp-json\/wp\/v2\/media?parent=28829"}],"curies":[{"name":"wp","href":"https:\/\/api.w.org\/{rel}","templated":true}]}}